{"id":1444,"date":"2024-10-02T11:27:18","date_gmt":"2024-10-02T11:27:18","guid":{"rendered":"https:\/\/0b9d0eb.simpler-home.com\/payment-methods\/"},"modified":"2025-07-25T18:14:45","modified_gmt":"2025-07-25T16:14:45","slug":"payment-shipping","status":"publish","type":"page","link":"https:\/\/www.simpla-home.at\/de\/payment-shipping\/","title":{"rendered":"Zahlung und Versand"},"content":{"rendered":"<div class=\"fusion-fullwidth fullwidth-box fusion-builder-row-1 fusion-flex-container has-pattern-background has-mask-background nonhundred-percent-fullwidth non-hundred-percent-height-scrolling\" style=\"--awb-border-radius-top-left:0px;--awb-border-radius-top-right:0px;--awb-border-radius-bottom-right:0px;--awb-border-radius-bottom-left:0px;--awb-flex-wrap:wrap;\" ><div class=\"fusion-builder-row fusion-row fusion-flex-align-items-flex-start fusion-flex-content-wrap\" style=\"max-width:1216.8px;margin-left: calc(-4% \/ 2 );margin-right: calc(-4% \/ 2 );\"><div class=\"fusion-layout-column fusion_builder_column fusion-builder-column-0 fusion_builder_column_1_2 1_2 fusion-flex-column\" style=\"--awb-bg-size:cover;--awb-width-large:50%;--awb-margin-top-large:0px;--awb-spacing-right-large:3.84%;--awb-margin-bottom-large:20px;--awb-spacing-left-large:3.84%;--awb-width-medium:50%;--awb-order-medium:0;--awb-spacing-right-medium:3.84%;--awb-spacing-left-medium:3.84%;--awb-width-small:100%;--awb-order-small:0;--awb-spacing-right-small:1.92%;--awb-spacing-left-small:1.92%;\"><div class=\"fusion-column-wrapper fusion-column-has-shadow fusion-flex-justify-content-flex-start fusion-content-layout-column\"><div class=\"fusion-title title fusion-title-1 fusion-sep-none fusion-title-text fusion-title-size-one\" style=\"--awb-text-color:var(--awb-color8);--awb-font-size:var(--awb-typography1-font-size);\"><h1 class=\"fusion-title-heading title-heading-left fusion-responsive-typography-calculated\" style=\"font-family:var(--awb-typography1-font-family);font-weight:var(--awb-typography1-font-weight);font-style:var(--awb-typography1-font-style);margin:0;font-size:1em;letter-spacing:var(--awb-typography1-letter-spacing);text-transform:var(--awb-typography1-text-transform);--fontSize:33;line-height:var(--awb-typography1-line-height);\">Bezahlm\u00f6glichkeiten<\/h1><\/div><div class=\"fusion-text fusion-text-1\"><p>Wir verwenden den niederl\u00e4ndischen Zahlungsdienstleister <a href=\"https:\/\/www.mollie.com\/\">Mollie<\/a> und <a href=\"https:\/\/paypal.com\/\">Paypal<\/a> um dir eine sichere und bequeme Bezahlung durch dein gew\u00fcnschtes Zahlungsmittel zu erm\u00f6glichen. Es entstehene dadurch f\u00fcr dich keine zus\u00e4tzlichen Kosten.<\/p>\n<p>Du kannst bei uns aus folgenden Bezahlm\u00f6glichkeiten w\u00e4hlen:<\/p>\n<ul>\n<li>Kreditkarte\/Debitkarte<\/li>\n<li><span style=\"color: var(--awb-text-color); font-family: var(--awb-text-font-family); font-size: var(--awb-font-size); font-style: var(--awb-text-font-style); font-weight: var(--awb-text-font-weight); letter-spacing: var(--awb-letter-spacing); text-align: var(--awb-content-alignment); text-transform: var(--awb-text-transform); background-color: var(--awb-bg-color-hover);\">Apple Pay<\/span><\/li>\n<li><span style=\"color: var(--awb-text-color); font-family: var(--awb-text-font-family); font-size: var(--awb-font-size); font-style: var(--awb-text-font-style); font-weight: var(--awb-text-font-weight); letter-spacing: var(--awb-letter-spacing); text-align: var(--awb-content-alignment); text-transform: var(--awb-text-transform); background-color: var(--awb-bg-color-hover);\">Paypal<\/span><\/li>\n<li><span style=\"color: var(--awb-text-color); font-family: var(--awb-text-font-family); font-size: var(--awb-font-size); font-style: var(--awb-text-font-style); font-weight: var(--awb-text-font-weight); letter-spacing: var(--awb-letter-spacing); text-align: var(--awb-content-alignment); text-transform: var(--awb-text-transform); background-color: var(--awb-bg-color-hover);\">EPS \u00dcberweisung<\/span><\/li>\n<\/ul>\n<\/div><\/div><\/div><div class=\"fusion-layout-column fusion_builder_column fusion-builder-column-1 fusion_builder_column_1_2 1_2 fusion-flex-column\" style=\"--awb-bg-size:cover;--awb-width-large:50%;--awb-margin-top-large:0px;--awb-spacing-right-large:3.84%;--awb-margin-bottom-large:20px;--awb-spacing-left-large:3.84%;--awb-width-medium:50%;--awb-order-medium:0;--awb-spacing-right-medium:3.84%;--awb-spacing-left-medium:3.84%;--awb-width-small:100%;--awb-order-small:0;--awb-spacing-right-small:1.92%;--awb-spacing-left-small:1.92%;\"><div class=\"fusion-column-wrapper fusion-column-has-shadow fusion-flex-justify-content-flex-start fusion-content-layout-column\"><div class=\"fusion-title title fusion-title-2 fusion-sep-none fusion-title-text fusion-title-size-one\" style=\"--awb-text-color:var(--awb-color8);--awb-font-size:var(--awb-typography1-font-size);\"><h1 class=\"fusion-title-heading title-heading-left fusion-responsive-typography-calculated\" style=\"font-family:var(--awb-typography1-font-family);font-weight:var(--awb-typography1-font-weight);font-style:var(--awb-typography1-font-style);margin:0;font-size:1em;letter-spacing:var(--awb-typography1-letter-spacing);text-transform:var(--awb-typography1-text-transform);--fontSize:33;line-height:var(--awb-typography1-line-height);\">Versandpartner<\/h1><\/div><div class=\"fusion-text fusion-text-2\"><p>Wir versenden unsere Produkte mit der <a href=\"https:\/\/www.post.at\/\">\u00f6sterreichischen Post<\/a> nach \u00d6sterreich und per <a href=\"https:\/\/www.dhl.de\/\">DHL<\/a> nach Deutschland.<\/p>\n<\/div><div class=\"fusion-title title fusion-title-3 fusion-sep-none fusion-title-text fusion-title-size-one\" style=\"--awb-text-color:var(--awb-color8);--awb-font-size:var(--awb-typography1-font-size);\"><h1 class=\"fusion-title-heading title-heading-left fusion-responsive-typography-calculated\" style=\"font-family:var(--awb-typography1-font-family);font-weight:var(--awb-typography1-font-weight);font-style:var(--awb-typography1-font-style);margin:0;font-size:1em;letter-spacing:var(--awb-typography1-letter-spacing);text-transform:var(--awb-typography1-text-transform);--fontSize:33;line-height:var(--awb-typography1-line-height);\">Versandkosten<\/h1><\/div><div class=\"fusion-text fusion-text-3\"><p>Ab einem Bestellwert von \u20ac 70,00 (inkl. MwSt) ist deine Bestellung f\u00fcr dich versandkostenfrei. Unter diesem Bestellwert verrechnen wir eine Versandkostenpauschale von \u20ac 5,90. Diese Versandkostenregelung gilt sowohl f\u00fcr Deutschland als auch f\u00fcr \u00d6sterreich.<\/p>\n<\/div><div class=\"fusion-title title fusion-title-4 fusion-sep-none fusion-title-text fusion-title-size-one\" style=\"--awb-text-color:var(--awb-color8);--awb-font-size:var(--awb-typography1-font-size);\"><h1 class=\"fusion-title-heading title-heading-left fusion-responsive-typography-calculated\" style=\"font-family:var(--awb-typography1-font-family);font-weight:var(--awb-typography1-font-weight);font-style:var(--awb-typography1-font-style);margin:0;font-size:1em;letter-spacing:var(--awb-typography1-letter-spacing);text-transform:var(--awb-typography1-text-transform);--fontSize:33;line-height:var(--awb-typography1-line-height);\">Versanddauer<\/h1><\/div><div class=\"fusion-text fusion-text-4\"><p>Ab Eingang deiner Bezahlung und mit Verf\u00fcgbarkeit deiner bestellten Produkte beginnt unser Versandprozess. \u00dcblicherweise ben\u00f6tigen wir einen Tag bis deine Produkte versandbereit sind und an den Versanddienstleiser \u00fcbergeben werden. Danach erh\u00e4ltst du von uns eine Sendungsverfolgungsnummer.  Daraus ergeben sich als Richtwert die in der nachfolgenden Tabelle angegebenen Lieferzeiten.<\/p>\n<\/div>\n<div class=\"table-2\">\n<p>&nbsp;<\/p>\n<table width=\"100%\">\n<thead>\n<tr>\n<th align=\"left\">Land<\/th>\n<th align=\"left\">Lieferzeit<\/th>\n<\/tr>\n<\/thead>\n<tbody>\n<tr>\n<td align=\"left\">\u00d6sterreich<\/td>\n<td align=\"left\">2-3 Werktage<\/td>\n<\/tr>\n<tr>\n<td align=\"left\">Deutschland<\/td>\n<td align=\"left\">3-5 Werktage<\/td>\n<\/tr>\n<\/tbody>\n<\/table>\n<p>&nbsp;<\/p>\n<\/div>\n<\/div><\/div><\/div><\/div>\n","protected":false},"excerpt":{"rendered":"","protected":false},"author":1,"featured_media":0,"parent":0,"menu_order":0,"comment_status":"closed","ping_status":"closed","template":"","meta":{"footnotes":""},"class_list":["post-1444","page","type-page","status-publish","hentry"],"yoast_head":"<!-- This site is optimized with the Yoast SEO plugin v27.2 - https:\/\/yoast.com\/product\/yoast-seo-wordpress\/ -->\n<title>Zahlung und Versand - Simpla Home<\/title>\n<meta name=\"robots\" content=\"index, follow, max-snippet:-1, max-image-preview:large, max-video-preview:-1\" \/>\n<link rel=\"canonical\" href=\"https:\/\/www.simpla-home.at\/de\/payment-shipping\/\" \/>\n<meta property=\"og:locale\" content=\"de_DE\" \/>\n<meta property=\"og:type\" content=\"article\" \/>\n<meta property=\"og:title\" content=\"Zahlung und Versand - Simpla Home\" \/>\n<meta property=\"og:url\" content=\"https:\/\/www.simpla-home.at\/de\/payment-shipping\/\" \/>\n<meta property=\"og:site_name\" content=\"Simpla Home\" \/>\n<meta property=\"article:modified_time\" content=\"2025-07-25T16:14:45+00:00\" \/>\n<meta name=\"twitter:card\" content=\"summary_large_image\" \/>\n<meta name=\"twitter:label1\" content=\"Gesch\u00e4tzte Lesezeit\" \/>\n\t<meta name=\"twitter:data1\" content=\"1\u00a0Minute\" \/>\n<script type=\"application\/ld+json\" class=\"yoast-schema-graph\">{\"@context\":\"https:\/\/schema.org\",\"@graph\":[{\"@type\":\"WebPage\",\"@id\":\"https:\/\/www.simpla-home.at\/de\/payment-shipping\/\",\"url\":\"https:\/\/www.simpla-home.at\/de\/payment-shipping\/\",\"name\":\"Zahlung und Versand - Simpla Home\",\"isPartOf\":{\"@id\":\"https:\/\/www.simpla-home.at\/#website\"},\"datePublished\":\"2024-10-02T11:27:18+00:00\",\"dateModified\":\"2025-07-25T16:14:45+00:00\",\"breadcrumb\":{\"@id\":\"https:\/\/www.simpla-home.at\/de\/payment-shipping\/#breadcrumb\"},\"inLanguage\":\"de\",\"potentialAction\":[{\"@type\":\"ReadAction\",\"target\":[\"https:\/\/www.simpla-home.at\/de\/payment-shipping\/\"]}]},{\"@type\":\"BreadcrumbList\",\"@id\":\"https:\/\/www.simpla-home.at\/de\/payment-shipping\/#breadcrumb\",\"itemListElement\":[{\"@type\":\"ListItem\",\"position\":1,\"name\":\"Startseite\",\"item\":\"https:\/\/www.simpla-home.at\/de\/\"},{\"@type\":\"ListItem\",\"position\":2,\"name\":\"Zahlung und Versand\"}]},{\"@type\":\"WebSite\",\"@id\":\"https:\/\/www.simpla-home.at\/#website\",\"url\":\"https:\/\/www.simpla-home.at\/\",\"name\":\"Simpla Home Handels GmbH\",\"description\":\"Simplify your Smart Home\",\"publisher\":{\"@id\":\"https:\/\/www.simpla-home.at\/#organization\"},\"alternateName\":\"Simpla Home\",\"potentialAction\":[{\"@type\":\"SearchAction\",\"target\":{\"@type\":\"EntryPoint\",\"urlTemplate\":\"https:\/\/www.simpla-home.at\/?s={search_term_string}\"},\"query-input\":{\"@type\":\"PropertyValueSpecification\",\"valueRequired\":true,\"valueName\":\"search_term_string\"}}],\"inLanguage\":\"de\"},{\"@type\":\"Organization\",\"@id\":\"https:\/\/www.simpla-home.at\/#organization\",\"name\":\"Simpla Home Handels GmbH\",\"alternateName\":\"Simpla Home\",\"url\":\"https:\/\/www.simpla-home.at\/\",\"logo\":{\"@type\":\"ImageObject\",\"inLanguage\":\"de\",\"@id\":\"https:\/\/www.simpla-home.at\/#\/schema\/logo\/image\/\",\"url\":\"https:\/\/www.simpla-home.at\/wp-content\/uploads\/2024\/12\/Logo.svg\",\"contentUrl\":\"https:\/\/www.simpla-home.at\/wp-content\/uploads\/2024\/12\/Logo.svg\",\"width\":400,\"height\":400,\"caption\":\"Simpla Home Handels GmbH\"},\"image\":{\"@id\":\"https:\/\/www.simpla-home.at\/#\/schema\/logo\/image\/\"}}]}<\/script>\n<!-- \/ Yoast SEO plugin. -->","yoast_head_json":{"title":"Zahlung und Versand - Simpla Home","robots":{"index":"index","follow":"follow","max-snippet":"max-snippet:-1","max-image-preview":"max-image-preview:large","max-video-preview":"max-video-preview:-1"},"canonical":"https:\/\/www.simpla-home.at\/de\/payment-shipping\/","og_locale":"de_DE","og_type":"article","og_title":"Zahlung und Versand - Simpla Home","og_url":"https:\/\/www.simpla-home.at\/de\/payment-shipping\/","og_site_name":"Simpla Home","article_modified_time":"2025-07-25T16:14:45+00:00","twitter_card":"summary_large_image","twitter_misc":{"Gesch\u00e4tzte Lesezeit":"1\u00a0Minute"},"schema":{"@context":"https:\/\/schema.org","@graph":[{"@type":"WebPage","@id":"https:\/\/www.simpla-home.at\/de\/payment-shipping\/","url":"https:\/\/www.simpla-home.at\/de\/payment-shipping\/","name":"Zahlung und Versand - Simpla Home","isPartOf":{"@id":"https:\/\/www.simpla-home.at\/#website"},"datePublished":"2024-10-02T11:27:18+00:00","dateModified":"2025-07-25T16:14:45+00:00","breadcrumb":{"@id":"https:\/\/www.simpla-home.at\/de\/payment-shipping\/#breadcrumb"},"inLanguage":"de","potentialAction":[{"@type":"ReadAction","target":["https:\/\/www.simpla-home.at\/de\/payment-shipping\/"]}]},{"@type":"BreadcrumbList","@id":"https:\/\/www.simpla-home.at\/de\/payment-shipping\/#breadcrumb","itemListElement":[{"@type":"ListItem","position":1,"name":"Startseite","item":"https:\/\/www.simpla-home.at\/de\/"},{"@type":"ListItem","position":2,"name":"Zahlung und Versand"}]},{"@type":"WebSite","@id":"https:\/\/www.simpla-home.at\/#website","url":"https:\/\/www.simpla-home.at\/","name":"Simpla Home Handels GmbH","description":"Simplify your Smart Home","publisher":{"@id":"https:\/\/www.simpla-home.at\/#organization"},"alternateName":"Simpla Home","potentialAction":[{"@type":"SearchAction","target":{"@type":"EntryPoint","urlTemplate":"https:\/\/www.simpla-home.at\/?s={search_term_string}"},"query-input":{"@type":"PropertyValueSpecification","valueRequired":true,"valueName":"search_term_string"}}],"inLanguage":"de"},{"@type":"Organization","@id":"https:\/\/www.simpla-home.at\/#organization","name":"Simpla Home Handels GmbH","alternateName":"Simpla Home","url":"https:\/\/www.simpla-home.at\/","logo":{"@type":"ImageObject","inLanguage":"de","@id":"https:\/\/www.simpla-home.at\/#\/schema\/logo\/image\/","url":"https:\/\/www.simpla-home.at\/wp-content\/uploads\/2024\/12\/Logo.svg","contentUrl":"https:\/\/www.simpla-home.at\/wp-content\/uploads\/2024\/12\/Logo.svg","width":400,"height":400,"caption":"Simpla Home Handels GmbH"},"image":{"@id":"https:\/\/www.simpla-home.at\/#\/schema\/logo\/image\/"}}]}},"_links":{"self":[{"href":"https:\/\/www.simpla-home.at\/de\/wp-json\/wp\/v2\/pages\/1444","targetHints":{"allow":["GET"]}}],"collection":[{"href":"https:\/\/www.simpla-home.at\/de\/wp-json\/wp\/v2\/pages"}],"about":[{"href":"https:\/\/www.simpla-home.at\/de\/wp-json\/wp\/v2\/types\/page"}],"author":[{"embeddable":true,"href":"https:\/\/www.simpla-home.at\/de\/wp-json\/wp\/v2\/users\/1"}],"replies":[{"embeddable":true,"href":"https:\/\/www.simpla-home.at\/de\/wp-json\/wp\/v2\/comments?post=1444"}],"version-history":[{"count":16,"href":"https:\/\/www.simpla-home.at\/de\/wp-json\/wp\/v2\/pages\/1444\/revisions"}],"predecessor-version":[{"id":7690,"href":"https:\/\/www.simpla-home.at\/de\/wp-json\/wp\/v2\/pages\/1444\/revisions\/7690"}],"wp:attachment":[{"href":"https:\/\/www.simpla-home.at\/de\/wp-json\/wp\/v2\/media?parent=1444"}],"curies":[{"name":"wp","href":"https:\/\/api.w.org\/{rel}","templated":true}]}}