{"id":7509,"date":"2025-06-05T10:41:13","date_gmt":"2025-06-05T08:41:13","guid":{"rendered":"https:\/\/www.simpla-home.at\/?page_id=7509"},"modified":"2025-06-05T10:41:13","modified_gmt":"2025-06-05T08:41:13","slug":"pre-order","status":"publish","type":"page","link":"https:\/\/www.simpla-home.at\/en\/pre-order\/","title":{"rendered":"Vorbestellung"},"content":{"rendered":"<div class=\"fusion-fullwidth fullwidth-box fusion-builder-row-1 fusion-flex-container has-pattern-background has-mask-background nonhundred-percent-fullwidth non-hundred-percent-height-scrolling\" style=\"--awb-border-radius-top-left:0px;--awb-border-radius-top-right:0px;--awb-border-radius-bottom-right:0px;--awb-border-radius-bottom-left:0px;--awb-margin-top:8px;--awb-margin-bottom:8px;--awb-flex-wrap:wrap;\" ><div class=\"fusion-builder-row fusion-row fusion-flex-align-items-flex-start fusion-flex-content-wrap\" style=\"max-width:1216.8px;margin-left: calc(-4% \/ 2 );margin-right: calc(-4% \/ 2 );\"><div class=\"fusion-layout-column fusion_builder_column fusion-builder-column-0 fusion_builder_column_1_1 1_1 fusion-flex-column\" style=\"--awb-padding-bottom:7px;--awb-overflow:hidden;--awb-bg-color:rgba(255,255,255,0);--awb-bg-color-hover:rgba(255,255,255,0);--awb-bg-size:cover;--awb-border-radius:20px 20px 20px 20px;--awb-width-large:100%;--awb-margin-top-large:0px;--awb-spacing-right-large:1.92%;--awb-margin-bottom-large:0px;--awb-spacing-left-large:1.92%;--awb-width-medium:100%;--awb-order-medium:0;--awb-spacing-right-medium:1.92%;--awb-spacing-left-medium:1.92%;--awb-width-small:100%;--awb-order-small:0;--awb-spacing-right-small:1.92%;--awb-spacing-left-small:1.92%;\" data-scroll-devices=\"small-visibility,medium-visibility,large-visibility\"><div class=\"fusion-column-wrapper fusion-column-has-shadow fusion-flex-justify-content-flex-start fusion-content-layout-column\"><\/div><\/div><div class=\"fusion-layout-column fusion_builder_column fusion-builder-column-1 fusion_builder_column_1_1 1_1 fusion-flex-column\" style=\"--awb-overflow:hidden;--awb-bg-color:var(--awb-color1);--awb-bg-color-hover:var(--awb-color1);--awb-bg-size:cover;--awb-border-radius:20px 20px 20px 20px;--awb-width-large:100%;--awb-margin-top-large:0px;--awb-spacing-right-large:1.92%;--awb-margin-bottom-large:20px;--awb-spacing-left-large:1.92%;--awb-width-medium:100%;--awb-order-medium:0;--awb-spacing-right-medium:1.92%;--awb-spacing-left-medium:1.92%;--awb-width-small:100%;--awb-order-small:0;--awb-spacing-right-small:1.92%;--awb-spacing-left-small:1.92%;\"><div class=\"fusion-column-wrapper fusion-column-has-shadow fusion-flex-justify-content-flex-start fusion-content-layout-column\"><div class=\"fusion-form fusion-form-builder fusion-form-form-wrapper fusion-form-7506\" style=\"--awb-tooltip-text-color:#ffffff;--awb-tooltip-background-color:#333333;--awb-label-font-size:1em;--awb-required-field-symbol-deco:none;\" data-form-id=\"7506\" data-config=\"{&quot;form_id&quot;:&quot;7506&quot;,&quot;form_post_id&quot;:&quot;7506&quot;,&quot;post_id&quot;:7509,&quot;form_type&quot;:&quot;ajax&quot;,&quot;confirmation_type&quot;:&quot;redirect&quot;,&quot;redirect_url&quot;:&quot;https:\\\/\\\/www.simpla-home.at\\\/thankyou&quot;,&quot;field_labels&quot;:{&quot;email_label&quot;:&quot;E-Mail&quot;,&quot;name_label&quot;:&quot;Name&quot;,&quot;country&quot;:&quot;Land&quot;,&quot;anzahl_soil_pro_schwarz&quot;:&quot;Soil Pro Schwarz&quot;,&quot;anzahl_soil_pro_orange&quot;:&quot;Soil Pro Orange&quot;,&quot;message_label&quot;:&quot;Anmerkung&quot;},&quot;field_logics&quot;:{&quot;email_label&quot;:&quot;&quot;,&quot;name_label&quot;:&quot;&quot;,&quot;country&quot;:&quot;&quot;,&quot;anzahl_soil_pro_schwarz&quot;:&quot;&quot;,&quot;anzahl_soil_pro_orange&quot;:&quot;&quot;,&quot;message_label&quot;:&quot;&quot;},&quot;field_types&quot;:{&quot;email_label&quot;:&quot;email&quot;,&quot;name_label&quot;:&quot;text&quot;,&quot;country&quot;:&quot;text&quot;,&quot;anzahl_soil_pro_schwarz&quot;:&quot;number&quot;,&quot;anzahl_soil_pro_orange&quot;:&quot;number&quot;,&quot;message_label&quot;:&quot;textarea&quot;,&quot;submit_1&quot;:&quot;submit&quot;},&quot;nonce_method&quot;:&quot;ajax&quot;}\"><form action=\"https:\/\/www.simpla-home.at\/en\/pre-order\/\" method=\"post\" class=\"fusion-form fusion-form-7506\" data-trp-original-action=\"https:\/\/www.simpla-home.at\/en\/pre-order\/\"><div class=\"fusion-fullwidth fullwidth-box fusion-builder-row-1-1 fusion-flex-container has-pattern-background has-mask-background nonhundred-percent-fullwidth non-hundred-percent-height-scrolling\" style=\"--link_hover_color: #89c477;--awb-border-sizes-top:0;--awb-border-sizes-bottom:0;--awb-border-sizes-left:0;--awb-border-sizes-right:0;--awb-border-color:var(--awb-color4);--awb-border-radius-top-left:0px;--awb-border-radius-top-right:0px;--awb-border-radius-bottom-right:0px;--awb-border-radius-bottom-left:0px;--awb-padding-top:10px;--awb-padding-right:10px;--awb-padding-bottom:10px;--awb-padding-left:10px;--awb-margin-top:0px;--awb-margin-bottom:0px;--awb-background-color:var(--awb-color1);--awb-flex-wrap:wrap;\" ><div class=\"fusion-builder-row fusion-row fusion-flex-align-items-flex-start fusion-flex-content-wrap\" style=\"width:104% !important;max-width:104% !important;margin-left: calc(-4% \/ 2 );margin-right: calc(-4% \/ 2 );\"><div class=\"fusion-layout-column fusion_builder_column fusion-builder-column-2 fusion_builder_column_1_1 1_1 fusion-flex-column\" style=\"--awb-padding-top:12px;--awb-padding-right:16px;--awb-padding-left:16px;--awb-bg-color:rgba(255,255,255,0);--awb-bg-color-hover:rgba(255,255,255,0);--awb-bg-size:cover;--awb-border-color:var(--awb-color3);--awb-border-style:solid;--awb-width-large:100%;--awb-margin-top-large:0px;--awb-spacing-right-large:1.92%;--awb-margin-bottom-large:0px;--awb-spacing-left-large:1.92%;--awb-width-medium:100%;--awb-order-medium:0;--awb-spacing-right-medium:1.92%;--awb-spacing-left-medium:1.92%;--awb-width-small:100%;--awb-order-small:0;--awb-spacing-right-small:1.92%;--awb-spacing-left-small:1.92%;\" data-scroll-devices=\"small-visibility,medium-visibility,large-visibility\"><div class=\"fusion-column-wrapper fusion-column-has-shadow fusion-flex-justify-content-flex-start fusion-content-layout-column\"><div class=\"fusion-title title fusion-title-1 fusion-sep-none fusion-title-center fusion-title-text fusion-title-size-one\" style=\"--awb-margin-bottom:16px;--awb-font-size:var(--awb-typography1-font-size);\"><h1 class=\"fusion-title-heading title-heading-center fusion-responsive-typography-calculated\" style=\"font-family:var(--awb-typography1-font-family);font-weight:var(--awb-typography1-font-weight);font-style:var(--awb-typography1-font-style);margin:0;font-size:1em;letter-spacing:var(--awb-typography1-letter-spacing);text-transform:var(--awb-typography1-text-transform);--fontSize:33;line-height:var(--awb-typography1-line-height);\">Vorbestellung<\/h1><\/div><div class=\"fusion-text fusion-text-1\"><p>Wir k\u00f6nnen derzeit keine verbindlichen Vorbestellungen mehr annehmen. <span style=\"background-color: rgba(255, 255, 255, 0); font-size: 17.6px; letter-spacing: -0.3872px;\">Mit der Eingabe deiner Kontaktdaten stellst du sicher, dass wir dich sofort kontaktieren, sobald das wieder m\u00f6glich ist.<\/span><\/p>\n<p>Wir werden deine Daten nur f\u00fcr diesen Zweck und f\u00fcr eventuelle R\u00fcckfragen nutzen.<\/p>\n<\/div>\n<\/div><\/div><div class=\"fusion-layout-column fusion_builder_column fusion-builder-column-3 fusion_builder_column_1_1 1_1 fusion-flex-column\" style=\"--awb-padding-right:16px;--awb-padding-left:16px;--awb-bg-color:rgba(255,255,255,0);--awb-bg-color-hover:rgba(255,255,255,0);--awb-bg-size:cover;--awb-border-color:var(--awb-color3);--awb-border-style:solid;--awb-width-large:100%;--awb-margin-top-large:0px;--awb-spacing-right-large:1.92%;--awb-margin-bottom-large:0px;--awb-spacing-left-large:1.92%;--awb-width-medium:100%;--awb-order-medium:0;--awb-spacing-right-medium:1.92%;--awb-spacing-left-medium:1.92%;--awb-width-small:100%;--awb-order-small:0;--awb-spacing-right-small:1.92%;--awb-spacing-left-small:1.92%;\" data-scroll-devices=\"small-visibility,medium-visibility,large-visibility\"><div class=\"fusion-column-wrapper fusion-column-has-shadow fusion-flex-justify-content-flex-start fusion-content-layout-column\"><div class=\"fusion-form-field fusion-form-email-field fusion-form-label-above\" style=\"\" data-form-id=\"7506\"><div class=\"fusion-form-label-wrapper\"><label for=\"email_label\">E-Mail <abbr class=\"fusion-form-element-required\" title=\"required\">*<\/abbr><\/label><\/div><input type=\"email\" autocomplete=\"off\" name=\"email_label\" id=\"email_label\" value=\"\"  class=\"fusion-form-input\" required=\"true\" aria-required=\"true\" data-holds-private-data=\"false\"\/><\/div><\/div><\/div><div class=\"fusion-layout-column fusion_builder_column fusion-builder-column-4 fusion_builder_column_1_2 1_2 fusion-flex-column\" style=\"--awb-padding-right:16px;--awb-padding-left:16px;--awb-bg-color:#ffffff;--awb-bg-color-hover:#ffffff;--awb-bg-size:cover;--awb-border-color:var(--awb-color2);--awb-border-top:0;--awb-border-right:0;--awb-border-left:0;--awb-border-style:solid;--awb-width-large:50%;--awb-margin-top-large:0px;--awb-spacing-right-large:5px;--awb-margin-bottom-large:0px;--awb-spacing-left-large:3.84%;--awb-width-medium:50%;--awb-order-medium:0;--awb-spacing-right-medium:5px;--awb-spacing-left-medium:3.84%;--awb-width-small:100%;--awb-order-small:0;--awb-spacing-right-small:1.92%;--awb-spacing-left-small:1.92%;\" data-scroll-devices=\"small-visibility,medium-visibility,large-visibility\"><div class=\"fusion-column-wrapper fusion-column-has-shadow fusion-flex-justify-content-flex-start fusion-content-layout-column\"><div class=\"fusion-form-field fusion-form-text-field fusion-form-label-above\" style=\"\" data-form-id=\"7506\"><div class=\"fusion-form-label-wrapper\"><label for=\"name_label\">Name<\/label><\/div><input type=\"text\" autocomplete=\"off\" name=\"name_label\" id=\"name_label\" value=\"\"  class=\"fusion-form-input\" data-holds-private-data=\"false\" minlength=\"0\"\/><\/div><\/div><\/div><div class=\"fusion-layout-column fusion_builder_column fusion-builder-column-5 fusion_builder_column_1_2 1_2 fusion-flex-column\" style=\"--awb-padding-right:16px;--awb-padding-left:16px;--awb-bg-color:#ffffff;--awb-bg-color-hover:#ffffff;--awb-bg-size:cover;--awb-border-color:#ebf1fc;--awb-border-style:solid;--awb-width-large:50%;--awb-margin-top-large:0px;--awb-spacing-right-large:3.84%;--awb-margin-bottom-large:5px;--awb-spacing-left-large:0px;--awb-width-medium:50%;--awb-order-medium:0;--awb-spacing-right-medium:3.84%;--awb-spacing-left-medium:0px;--awb-width-small:100%;--awb-order-small:0;--awb-spacing-right-small:1.92%;--awb-spacing-left-small:1.92%;\"><div class=\"fusion-column-wrapper fusion-column-has-shadow fusion-flex-justify-content-flex-start fusion-content-layout-column\"><div class=\"fusion-form-field fusion-form-text-field fusion-form-label-above\" style=\"\" data-form-id=\"7506\"><div class=\"fusion-form-label-wrapper\"><label for=\"country\">Land <abbr class=\"fusion-form-element-required\" title=\"required\">*<\/abbr><\/label><div class=\"fusion-form-tooltip\"><i class=\"awb-icon-question-circle\"><\/i><span class=\"fusion-form-tooltip-content\">In welches Land m\u00f6chtest du deine Soil Pros geliefert haben? <\/span><\/div><\/div><input type=\"text\" autocomplete=\"off\"  data-empty-notice=\"Bitte gib ein Lieferland an\" name=\"country\" id=\"country\" value=\"\"  class=\"fusion-form-input\" required=\"true\" aria-required=\"true\" data-holds-private-data=\"false\" minlength=\"0\"\/><\/div><\/div><\/div><div class=\"fusion-layout-column fusion_builder_column fusion-builder-column-6 fusion_builder_column_1_2 1_2 fusion-flex-column\" style=\"--awb-padding-right:16px;--awb-padding-left:16px;--awb-bg-size:cover;--awb-width-large:50%;--awb-margin-top-large:0px;--awb-spacing-right-large:3.84%;--awb-margin-bottom-large:0px;--awb-spacing-left-large:3.84%;--awb-width-medium:50%;--awb-order-medium:0;--awb-spacing-right-medium:3.84%;--awb-spacing-left-medium:3.84%;--awb-width-small:100%;--awb-order-small:0;--awb-spacing-right-small:1.92%;--awb-spacing-left-small:1.92%;\"><div class=\"fusion-column-wrapper fusion-column-has-shadow fusion-flex-justify-content-flex-start fusion-content-layout-column\"><div class=\"fusion-form-field fusion-form-number-field fusion-form-label-above\" style=\"\" data-form-id=\"7506\"><div class=\"fusion-form-label-wrapper\"><label for=\"anzahl_soil_pro_schwarz\">Soil Pro Schwarz<\/label><div class=\"fusion-form-tooltip\"><i class=\"awb-icon-question-circle\"><\/i><span class=\"fusion-form-tooltip-content\">Wie viele schwarze Soil Pro Sensoren m\u00f6chtest du bestellen?<\/span><\/div><\/div><input type=\"number\" autocomplete=\"off\"  data-invalid-notice=\"Bitte gib eine g\u00fcltige Anzahl ein.\" name=\"anzahl_soil_pro_schwarz\" id=\"anzahl_soil_pro_schwarz\" value=\"\"  class=\"fusion-form-input\" data-holds-private-data=\"false\" min=\"0\" max=\"1000\"\/><\/div><\/div><\/div><div class=\"fusion-layout-column fusion_builder_column fusion-builder-column-7 fusion_builder_column_1_2 1_2 fusion-flex-column\" style=\"--awb-padding-right:16px;--awb-padding-left:16px;--awb-bg-size:cover;--awb-width-large:50%;--awb-margin-top-large:0px;--awb-spacing-right-large:3.84%;--awb-margin-bottom-large:0px;--awb-spacing-left-large:0px;--awb-width-medium:50%;--awb-order-medium:0;--awb-spacing-right-medium:3.84%;--awb-spacing-left-medium:0px;--awb-width-small:100%;--awb-order-small:0;--awb-spacing-right-small:1.92%;--awb-spacing-left-small:1.92%;\"><div class=\"fusion-column-wrapper fusion-column-has-shadow fusion-flex-justify-content-flex-start fusion-content-layout-column\"><div class=\"fusion-form-field fusion-form-number-field fusion-form-label-above\" style=\"\" data-form-id=\"7506\"><div class=\"fusion-form-label-wrapper\"><label for=\"anzahl_soil_pro_orange\">Soil Pro Orange<\/label><div class=\"fusion-form-tooltip\"><i class=\"awb-icon-question-circle\"><\/i><span class=\"fusion-form-tooltip-content\">Wie viele orange Soil Pro Sensoren m\u00f6chtest du bestellen?<\/span><\/div><\/div><input type=\"number\" autocomplete=\"off\"  data-invalid-notice=\"Bitte gib eine g\u00fcltige Anzahl ein.\" name=\"anzahl_soil_pro_orange\" id=\"anzahl_soil_pro_orange\" value=\"\"  class=\"fusion-form-input\" data-holds-private-data=\"false\" min=\"0\" max=\"1000\"\/><\/div><\/div><\/div><div class=\"fusion-layout-column fusion_builder_column fusion-builder-column-8 fusion_builder_column_1_1 1_1 fusion-flex-column\" style=\"--awb-padding-right:16px;--awb-padding-left:16px;--awb-bg-color:#ffffff;--awb-bg-color-hover:#ffffff;--awb-bg-size:cover;--awb-border-color:#ebf1fc;--awb-border-style:solid;--awb-width-large:100%;--awb-margin-top-large:0px;--awb-spacing-right-large:1.92%;--awb-margin-bottom-large:0px;--awb-spacing-left-large:1.92%;--awb-width-medium:100%;--awb-order-medium:0;--awb-spacing-right-medium:1.92%;--awb-spacing-left-medium:1.92%;--awb-width-small:100%;--awb-order-small:0;--awb-spacing-right-small:1.92%;--awb-spacing-left-small:1.92%;\"><div class=\"fusion-column-wrapper fusion-column-has-shadow fusion-flex-justify-content-flex-start fusion-content-layout-column\"><div class=\"fusion-form-field fusion-form-textarea-field fusion-form-label-above\" style=\"\" data-form-id=\"7506\"><label for=\"message_label\">Anmerkung<\/label><textarea cols=\"40\" autocomplete=\"off\"  minlength=\"0\"  maxlength=\"1000\" rows=\"6\" tabindex=\"\" id=\"message_label\" name=\"message_label\" class=\"fusion-form-input\" placeholder=\"Hast du einen Verbesserungsvorschlag an das Produkt oder eine sonstige Erg\u00e4nzung zu deiner Vorbestellung? \" data-holds-private-data=\"false\"><\/textarea><\/div><div class=\"fusion-form-field fusion-form-submit-field fusion-form-label-above\" style=\"\" data-form-id=\"7506\"><div ><button type=\"submit\" class=\"fusion-button button-flat fusion-button-default-size button-default fusion-button-default button-1 fusion-button-span-yes  form-form-submit button-default\" style=\"--button-border-radius-top-left:6px;--button-border-radius-top-right:6px;--button-border-radius-bottom-right:6px;--button-border-radius-bottom-left:6px;--button_text_transform:var(--awb-typography4-text-transform);--button_font_size:var(--awb-typography4-font-size);--button_line_height:var(--awb-typography4-line-height);--button_padding-top:18px;--button_padding-right:24px;--button_padding-bottom:18px;--button_padding-left:24px;--button_typography-letter-spacing:var(--awb-typography4-letter-spacing);--button_typography-font-family:&quot;Roboto&quot;;--button_typography-font-style:normal;--button_typography-font-weight:500;\" data-form-number=\"7506\" tabindex=\"\"><span class=\"fusion-button-text awb-button__text awb-button__text--default\">Vorbestellung absenden<\/span><\/button><\/div><\/div><\/div><\/div><\/div><\/div><input type=\"hidden\" name=\"fusion_privacy_store_ip_ua\" value=\"false\"><input type=\"hidden\" name=\"fusion_privacy_expiration_interval\" value=\"48\"><input type=\"hidden\" name=\"privacy_expiration_action\" value=\"anonymize\"><input type=\"hidden\" name=\"trp-form-language\" value=\"en\"\/><\/form><\/div><\/div><\/div><\/div><\/div>","protected":false},"excerpt":{"rendered":"","protected":false},"author":1,"featured_media":0,"parent":0,"menu_order":0,"comment_status":"closed","ping_status":"closed","template":"100-width.php","meta":{"footnotes":""},"class_list":["post-7509","page","type-page","status-publish","hentry"],"yoast_head":"<!-- This site is optimized with the Yoast SEO plugin v27.2 - https:\/\/yoast.com\/product\/yoast-seo-wordpress\/ -->\n<title>Vorbestellung - Simpla Home<\/title>\n<meta name=\"robots\" content=\"noindex, follow\" \/>\n<meta property=\"og:locale\" content=\"en_GB\" \/>\n<meta property=\"og:type\" content=\"article\" \/>\n<meta property=\"og:title\" content=\"Vorbestellung - Simpla Home\" \/>\n<meta property=\"og:url\" content=\"https:\/\/www.simpla-home.at\/en\/pre-order\/\" \/>\n<meta property=\"og:site_name\" content=\"Simpla Home\" \/>\n<meta name=\"twitter:card\" content=\"summary_large_image\" \/>\n<meta name=\"twitter:label1\" content=\"Estimated reading time\" \/>\n\t<meta name=\"twitter:data1\" content=\"1 minute\" \/>\n<script type=\"application\/ld+json\" class=\"yoast-schema-graph\">{\"@context\":\"https:\/\/schema.org\",\"@graph\":[{\"@type\":\"WebPage\",\"@id\":\"https:\/\/www.simpla-home.at\/pre-order\/\",\"url\":\"https:\/\/www.simpla-home.at\/pre-order\/\",\"name\":\"Vorbestellung - Simpla Home\",\"isPartOf\":{\"@id\":\"https:\/\/www.simpla-home.at\/#website\"},\"datePublished\":\"2025-06-05T08:41:13+00:00\",\"breadcrumb\":{\"@id\":\"https:\/\/www.simpla-home.at\/pre-order\/#breadcrumb\"},\"inLanguage\":\"en-GB\",\"potentialAction\":[{\"@type\":\"ReadAction\",\"target\":[\"https:\/\/www.simpla-home.at\/pre-order\/\"]}]},{\"@type\":\"BreadcrumbList\",\"@id\":\"https:\/\/www.simpla-home.at\/pre-order\/#breadcrumb\",\"itemListElement\":[{\"@type\":\"ListItem\",\"position\":1,\"name\":\"Startseite\",\"item\":\"https:\/\/www.simpla-home.at\/de\/\"},{\"@type\":\"ListItem\",\"position\":2,\"name\":\"Vorbestellung\"}]},{\"@type\":\"WebSite\",\"@id\":\"https:\/\/www.simpla-home.at\/#website\",\"url\":\"https:\/\/www.simpla-home.at\/\",\"name\":\"Simpla Home Handels GmbH\",\"description\":\"Simplify your Smart Home\",\"publisher\":{\"@id\":\"https:\/\/www.simpla-home.at\/#organization\"},\"alternateName\":\"Simpla Home\",\"potentialAction\":[{\"@type\":\"SearchAction\",\"target\":{\"@type\":\"EntryPoint\",\"urlTemplate\":\"https:\/\/www.simpla-home.at\/?s={search_term_string}\"},\"query-input\":{\"@type\":\"PropertyValueSpecification\",\"valueRequired\":true,\"valueName\":\"search_term_string\"}}],\"inLanguage\":\"en-GB\"},{\"@type\":\"Organization\",\"@id\":\"https:\/\/www.simpla-home.at\/#organization\",\"name\":\"Simpla Home Handels GmbH\",\"alternateName\":\"Simpla Home\",\"url\":\"https:\/\/www.simpla-home.at\/\",\"logo\":{\"@type\":\"ImageObject\",\"inLanguage\":\"en-GB\",\"@id\":\"https:\/\/www.simpla-home.at\/#\/schema\/logo\/image\/\",\"url\":\"https:\/\/www.simpla-home.at\/wp-content\/uploads\/2024\/12\/Logo.svg\",\"contentUrl\":\"https:\/\/www.simpla-home.at\/wp-content\/uploads\/2024\/12\/Logo.svg\",\"width\":400,\"height\":400,\"caption\":\"Simpla Home Handels GmbH\"},\"image\":{\"@id\":\"https:\/\/www.simpla-home.at\/#\/schema\/logo\/image\/\"}}]}<\/script>\n<!-- \/ Yoast SEO plugin. -->","yoast_head_json":{"title":"Vorbestellung - Simpla Home","robots":{"index":"noindex","follow":"follow"},"og_locale":"en_GB","og_type":"article","og_title":"Vorbestellung - Simpla Home","og_url":"https:\/\/www.simpla-home.at\/en\/pre-order\/","og_site_name":"Simpla Home","twitter_card":"summary_large_image","twitter_misc":{"Estimated reading time":"1 minute"},"schema":{"@context":"https:\/\/schema.org","@graph":[{"@type":"WebPage","@id":"https:\/\/www.simpla-home.at\/pre-order\/","url":"https:\/\/www.simpla-home.at\/pre-order\/","name":"Vorbestellung - Simpla Home","isPartOf":{"@id":"https:\/\/www.simpla-home.at\/#website"},"datePublished":"2025-06-05T08:41:13+00:00","breadcrumb":{"@id":"https:\/\/www.simpla-home.at\/pre-order\/#breadcrumb"},"inLanguage":"en-GB","potentialAction":[{"@type":"ReadAction","target":["https:\/\/www.simpla-home.at\/pre-order\/"]}]},{"@type":"BreadcrumbList","@id":"https:\/\/www.simpla-home.at\/pre-order\/#breadcrumb","itemListElement":[{"@type":"ListItem","position":1,"name":"Startseite","item":"https:\/\/www.simpla-home.at\/de\/"},{"@type":"ListItem","position":2,"name":"Vorbestellung"}]},{"@type":"WebSite","@id":"https:\/\/www.simpla-home.at\/#website","url":"https:\/\/www.simpla-home.at\/","name":"Simpla Home Handels GmbH","description":"Simplify your Smart Home","publisher":{"@id":"https:\/\/www.simpla-home.at\/#organization"},"alternateName":"Simpla Home","potentialAction":[{"@type":"SearchAction","target":{"@type":"EntryPoint","urlTemplate":"https:\/\/www.simpla-home.at\/?s={search_term_string}"},"query-input":{"@type":"PropertyValueSpecification","valueRequired":true,"valueName":"search_term_string"}}],"inLanguage":"en-GB"},{"@type":"Organization","@id":"https:\/\/www.simpla-home.at\/#organization","name":"Simpla Home Handels GmbH","alternateName":"Simpla Home","url":"https:\/\/www.simpla-home.at\/","logo":{"@type":"ImageObject","inLanguage":"en-GB","@id":"https:\/\/www.simpla-home.at\/#\/schema\/logo\/image\/","url":"https:\/\/www.simpla-home.at\/wp-content\/uploads\/2024\/12\/Logo.svg","contentUrl":"https:\/\/www.simpla-home.at\/wp-content\/uploads\/2024\/12\/Logo.svg","width":400,"height":400,"caption":"Simpla Home Handels GmbH"},"image":{"@id":"https:\/\/www.simpla-home.at\/#\/schema\/logo\/image\/"}}]}},"_links":{"self":[{"href":"https:\/\/www.simpla-home.at\/en\/wp-json\/wp\/v2\/pages\/7509","targetHints":{"allow":["GET"]}}],"collection":[{"href":"https:\/\/www.simpla-home.at\/en\/wp-json\/wp\/v2\/pages"}],"about":[{"href":"https:\/\/www.simpla-home.at\/en\/wp-json\/wp\/v2\/types\/page"}],"author":[{"embeddable":true,"href":"https:\/\/www.simpla-home.at\/en\/wp-json\/wp\/v2\/users\/1"}],"replies":[{"embeddable":true,"href":"https:\/\/www.simpla-home.at\/en\/wp-json\/wp\/v2\/comments?post=7509"}],"version-history":[{"count":1,"href":"https:\/\/www.simpla-home.at\/en\/wp-json\/wp\/v2\/pages\/7509\/revisions"}],"predecessor-version":[{"id":7510,"href":"https:\/\/www.simpla-home.at\/en\/wp-json\/wp\/v2\/pages\/7509\/revisions\/7510"}],"wp:attachment":[{"href":"https:\/\/www.simpla-home.at\/en\/wp-json\/wp\/v2\/media?parent=7509"}],"curies":[{"name":"wp","href":"https:\/\/api.w.org\/{rel}","templated":true}]}}